{"id":15,"date":"2025-02-19T10:30:56","date_gmt":"2025-02-19T10:30:56","guid":{"rendered":"https:\/\/cocinasgalos.es\/quienes-somos\/"},"modified":"2025-04-04T10:15:58","modified_gmt":"2025-04-04T10:15:58","slug":"quienes-somos","status":"publish","type":"page","link":"https:\/\/cocinasgalos.es\/en\/quienes-somos\/","title":{"rendered":"Qui\u00e9nes Somos"},"content":{"rendered":"<div data-elementor-type=\"wp-page\" data-elementor-id=\"15\" class=\"elementor elementor-15\" data-elementor-post-type=\"page\">\n\t\t\t\t<div class=\"elementor-element elementor-element-0c1fd6e e-flex e-con-boxed e-con e-parent\" data-id=\"0c1fd6e\" data-element_type=\"container\" data-e-type=\"container\" data-settings=\"{&quot;background_background&quot;:&quot;classic&quot;}\">\n\t\t\t\t\t<div class=\"e-con-inner\">\n\t\t\t\t<div class=\"elementor-element elementor-element-0ec567d elementor-widget elementor-widget-heading\" data-id=\"0ec567d\" data-element_type=\"widget\" data-e-type=\"widget\" data-widget_type=\"heading.default\">\n\t\t\t\t<div class=\"elementor-widget-container\">\n\t\t\t\t\t<h2 class=\"elementor-heading-title elementor-size-default\">Nosotros.<\/h2>\t\t\t\t<\/div>\n\t\t\t\t<\/div>\n\t\t\t\t<div class=\"elementor-element elementor-element-2915e65 elementor-icon-list--layout-inline elementor-list-item-link-full_width elementor-widget elementor-widget-icon-list\" data-id=\"2915e65\" data-element_type=\"widget\" data-e-type=\"widget\" data-widget_type=\"icon-list.default\">\n\t\t\t\t<div class=\"elementor-widget-container\">\n\t\t\t\t\t\t\t<ul class=\"elementor-icon-list-items elementor-inline-items\">\n\t\t\t\t\t\t\t<li class=\"elementor-icon-list-item elementor-inline-item\">\n\t\t\t\t\t\t\t\t\t\t\t<a href=\"https:\/\/cocinasgalos.es\/en\/\">\n\n\t\t\t\t\t\t\t\t\t\t\t<span class=\"elementor-icon-list-text\">Inicio<\/span>\n\t\t\t\t\t\t\t\t\t\t\t<\/a>\n\t\t\t\t\t\t\t\t\t<\/li>\n\t\t\t\t\t\t\t\t<li class=\"elementor-icon-list-item elementor-inline-item\">\n\t\t\t\t\t\t\t\t\t\t\t<span class=\"elementor-icon-list-icon\">\n\t\t\t\t\t\t\t<svg aria-hidden=\"true\" class=\"e-font-icon-svg e-fas-chevron-right\" viewbox=\"0 0 320 512\" xmlns=\"http:\/\/www.w3.org\/2000\/svg\"><path d=\"M285.476 272.971L91.132 467.314c-9.373 9.373-24.569 9.373-33.941 0l-22.667-22.667c-9.357-9.357-9.375-24.522-.04-33.901L188.505 256 34.484 101.255c-9.335-9.379-9.317-24.544.04-33.901l22.667-22.667c9.373-9.373 24.569-9.373 33.941 0L285.475 239.03c9.373 9.372 9.373 24.568.001 33.941z\"><\/path><\/svg>\t\t\t\t\t\t<\/span>\n\t\t\t\t\t\t\t\t\t\t<span class=\"elementor-icon-list-text\">Quienes Somos<\/span>\n\t\t\t\t\t\t\t\t\t<\/li>\n\t\t\t\t\t\t<\/ul>\n\t\t\t\t\t\t<\/div>\n\t\t\t\t<\/div>\n\t\t\t\t\t<\/div>\n\t\t\t\t<\/div>\n\t\t<div class=\"elementor-element elementor-element-49ae6b9 e-flex e-con-boxed e-con e-parent\" data-id=\"49ae6b9\" data-element_type=\"container\" data-e-type=\"container\">\n\t\t\t\t\t<div class=\"e-con-inner\">\n\t\t<div class=\"elementor-element elementor-element-7ca86ca e-con-full e-flex e-con e-child\" data-id=\"7ca86ca\" data-element_type=\"container\" data-e-type=\"container\" data-settings=\"{&quot;background_background&quot;:&quot;classic&quot;}\">\n\t\t<div class=\"elementor-element elementor-element-41bdc98 e-con-full e-flex e-con e-child\" data-id=\"41bdc98\" data-element_type=\"container\" data-e-type=\"container\" data-settings=\"{&quot;background_background&quot;:&quot;classic&quot;}\">\n\t\t\t\t<\/div>\n\t\t\t\t<\/div>\n\t\t<div class=\"elementor-element elementor-element-6d0b8cb e-con-full e-flex e-con e-child\" data-id=\"6d0b8cb\" data-element_type=\"container\" data-e-type=\"container\" data-settings=\"{&quot;background_background&quot;:&quot;classic&quot;}\">\n\t\t\t\t<div class=\"elementor-element elementor-element-60dd8ee elementor-widget elementor-widget-heading\" data-id=\"60dd8ee\" data-element_type=\"widget\" data-e-type=\"widget\" data-widget_type=\"heading.default\">\n\t\t\t\t<div class=\"elementor-widget-container\">\n\t\t\t\t\t<span class=\"elementor-heading-title elementor-size-default\">Desde 1980.<\/span>\t\t\t\t<\/div>\n\t\t\t\t<\/div>\n\t\t\t\t<div class=\"elementor-element elementor-element-b0dbe50 elementor-hidden-tablet elementor-hidden-mobile elementor-widget elementor-widget-text-editor\" data-id=\"b0dbe50\" data-element_type=\"widget\" data-e-type=\"widget\" data-widget_type=\"text-editor.default\">\n\t\t\t\t<div class=\"elementor-widget-container\">\n\t\t\t\t\t\t\t\t\t<p>La tienda de mobiliario de cocinas con m\u00e1s <br \/>a\u00f1os de experiencia en Granada<\/p>\t\t\t\t\t\t\t\t<\/div>\n\t\t\t\t<\/div>\n\t\t\t\t<div class=\"elementor-element elementor-element-4a71dad elementor-hidden-desktop elementor-widget elementor-widget-text-editor\" data-id=\"4a71dad\" data-element_type=\"widget\" data-e-type=\"widget\" data-widget_type=\"text-editor.default\">\n\t\t\t\t<div class=\"elementor-widget-container\">\n\t\t\t\t\t\t\t\t\t<p>La tienda de mobiliario de cocinas con m\u00e1s <br \/>a\u00f1os de experiencia en Granada<\/p>\t\t\t\t\t\t\t\t<\/div>\n\t\t\t\t<\/div>\n\t\t\t\t<div class=\"elementor-element elementor-element-9bc3d68 elementor-widget elementor-widget-text-editor\" data-id=\"9bc3d68\" data-element_type=\"widget\" data-e-type=\"widget\" data-widget_type=\"text-editor.default\">\n\t\t\t\t<div class=\"elementor-widget-container\">\n\t\t\t\t\t\t\t\t\t<p>La historia de Cocinas Galos comenz\u00f3 a finales de los 80, cuando el padre del actual gerente decidi\u00f3 abrir una peque\u00f1a tienda de mobiliario de cocina en pleno coraz\u00f3n de Granada. Lo que inici\u00f3 como un negocio familiar, impulsado por la ilusi\u00f3n de ofrecer cocinas de calidad a buen precio, pronto se convirti\u00f3 en un referente local gracias a la confianza de nuestros primeros clientes.<\/p><p>Hoy, continuamos ese legado, siendo la tienda de cocinas m\u00e1s antigua de la ciudad. A lo largo de m\u00e1s de 30 a\u00f1os, hemos evolucionado con las tendencias y las necesidades del mercado, pero sin perder nuestro sello distintivo: un trato cercano, materiales de alta calidad y el firme compromiso de crear espacios que mejoren la vida de las personas.\u00a0<\/p><p>Nuestro objetivo sigue siendo el mismo que cuando abrimos la persiana por primera vez: convertir tus ideas en una cocina \u00fanica, funcional y llena de personalidad.<\/p>\t\t\t\t\t\t\t\t<\/div>\n\t\t\t\t<\/div>\n\t\t\t\t<\/div>\n\t\t\t\t\t<\/div>\n\t\t\t\t<\/div>\n\t\t<div class=\"elementor-element elementor-element-dff18ab e-flex e-con-boxed e-con e-parent\" data-id=\"dff18ab\" data-element_type=\"container\" data-e-type=\"container\" data-settings=\"{&quot;background_background&quot;:&quot;classic&quot;}\">\n\t\t\t\t\t<div class=\"e-con-inner\">\n\t\t<div class=\"elementor-element elementor-element-5a25264 e-con-full e-flex e-con e-child\" data-id=\"5a25264\" data-element_type=\"container\" data-e-type=\"container\">\n\t\t\t\t<div class=\"elementor-element elementor-element-c1a1e79 elementor-widget elementor-widget-heading\" data-id=\"c1a1e79\" data-element_type=\"widget\" data-e-type=\"widget\" data-widget_type=\"heading.default\">\n\t\t\t\t<div class=\"elementor-widget-container\">\n\t\t\t\t\t<h2 class=\"elementor-heading-title elementor-size-default\">Compromiso.<\/h2>\t\t\t\t<\/div>\n\t\t\t\t<\/div>\n\t\t\t\t<div class=\"elementor-element elementor-element-cd99803 elementor-widget elementor-widget-text-editor\" data-id=\"cd99803\" data-element_type=\"widget\" data-e-type=\"widget\" data-widget_type=\"text-editor.default\">\n\t\t\t\t<div class=\"elementor-widget-container\">\n\t\t\t\t\t\t\t\t\t<div class=\"split-line\">En una cocina, cada detalle cuenta.<\/div>\t\t\t\t\t\t\t\t<\/div>\n\t\t\t\t<\/div>\n\t\t\t\t<div class=\"elementor-element elementor-element-a2eaf87 elementor-widget elementor-widget-text-editor\" data-id=\"a2eaf87\" data-element_type=\"widget\" data-e-type=\"widget\" data-widget_type=\"text-editor.default\">\n\t\t\t\t<div class=\"elementor-widget-container\">\n\t\t\t\t\t\t\t\t\t<p>Ofrecemos un dise\u00f1o innovador con una excelente relaci\u00f3n calidad precio acorde con las necesidades actuales que exige este mercado.\u00a0Nos encargamos de aportarte todos los procesos, materiales y productos que necesites: electrodom\u00e9sticos, encimeras, fregaderos, grifer\u00eda\u2026<\/p><p>Creemos en la\u00a0<strong>diversidad<\/strong>\u00a0y la\u00a0<strong>exclusividad<\/strong>, por eso entendemos que cada cocina es diferente e irrepetible. Trabajamos para aportar propuestas innovadoras y soluciones adecuadas a cada proyecto siguiendo conceptos b\u00e1sicos de ergonom\u00eda y funcionalidad, para lograr que cada cocina adquiera la m\u00e1s grande eficacia posible.<\/p><p>Queremos que el resultado sea el esperado, por eso gestionamos el proceso ejecutivo de la obra, para que la entrega final sea satisfact\u00f3ria tanto en tiempo como en forma.<\/p>\t\t\t\t\t\t\t\t<\/div>\n\t\t\t\t<\/div>\n\t\t\t\t<\/div>\n\t\t\t\t\t<\/div>\n\t\t\t\t<\/div>\n\t\t<div class=\"elementor-element elementor-element-399a0c7 e-flex e-con-boxed e-con e-parent\" data-id=\"399a0c7\" data-element_type=\"container\" data-e-type=\"container\" data-settings=\"{&quot;background_background&quot;:&quot;classic&quot;}\">\n\t\t\t\t\t<div class=\"e-con-inner\">\n\t\t\t\t\t<\/div>\n\t\t\t\t<\/div>\n\t\t\t\t<\/div>","protected":false},"excerpt":{"rendered":"<p>Nosotros. Inicio Quienes Somos Desde 1980. La tienda de mobiliario de cocinas con m\u00e1s a\u00f1os de experiencia en Granada La [&hellip;]<\/p>\n","protected":false},"author":1,"featured_media":0,"parent":0,"menu_order":2,"comment_status":"closed","ping_status":"closed","template":"","meta":{"_acf_changed":false,"_uag_custom_page_level_css":"","site-sidebar-layout":"no-sidebar","site-content-layout":"","ast-site-content-layout":"full-width-container","site-content-style":"default","site-sidebar-style":"default","ast-global-header-display":"","ast-banner-title-visibility":"","ast-main-header-display":"","ast-hfb-above-header-display":"","ast-hfb-below-header-display":"","ast-hfb-mobile-header-display":"","site-post-title":"disabled","ast-breadcrumbs-content":"","ast-featured-img":"disabled","footer-sml-layout":"","ast-disable-related-posts":"","theme-transparent-header-meta":"","adv-header-id-meta":"","stick-header-meta":"","header-above-stick-meta":"","header-main-stick-meta":"","header-below-stick-meta":"","astra-migrate-meta-layouts":"default","ast-page-background-enabled":"default","ast-page-background-meta":{"desktop":{"background-color":"var(--ast-global-color-5)","background-image":"","background-repeat":"repeat","background-position":"center center","background-size":"auto","background-attachment":"scroll","background-type":"","background-media":"","overlay-type":"","overlay-color":"","overlay-opacity":"","overlay-gradient":""},"tablet":{"background-color":"","background-image":"","background-repeat":"repeat","background-position":"center center","background-size":"auto","background-attachment":"scroll","background-type":"","background-media":"","overlay-type":"","overlay-color":"","overlay-opacity":"","overlay-gradient":""},"mobile":{"background-color":"","background-image":"","background-repeat":"repeat","background-position":"center center","background-size":"auto","background-attachment":"scroll","background-type":"","background-media":"","overlay-type":"","overlay-color":"","overlay-opacity":"","overlay-gradient":""}},"ast-content-background-meta":{"desktop":{"background-color":"var(--ast-global-color-4)","background-image":"","background-repeat":"repeat","background-position":"center center","background-size":"auto","background-attachment":"scroll","background-type":"","background-media":"","overlay-type":"","overlay-color":"","overlay-opacity":"","overlay-gradient":""},"tablet":{"background-color":"var(--ast-global-color-4)","background-image":"","background-repeat":"repeat","background-position":"center center","background-size":"auto","background-attachment":"scroll","background-type":"","background-media":"","overlay-type":"","overlay-color":"","overlay-opacity":"","overlay-gradient":""},"mobile":{"background-color":"var(--ast-global-color-4)","background-image":"","background-repeat":"repeat","background-position":"center center","background-size":"auto","background-attachment":"scroll","background-type":"","background-media":"","overlay-type":"","overlay-color":"","overlay-opacity":"","overlay-gradient":""}},"_joinchat":[],"footnotes":""},"class_list":["post-15","page","type-page","status-publish","hentry"],"acf":[],"yoast_head":"<!-- This site is optimized with the Yoast SEO plugin v27.5 - https:\/\/yoast.com\/product\/yoast-seo-wordpress\/ -->\n<title>Qui\u00e9nes Somos - Cocinas Galos<\/title>\n<meta name=\"robots\" content=\"index, follow, max-snippet:-1, max-image-preview:large, max-video-preview:-1\" \/>\n<link rel=\"canonical\" href=\"https:\/\/cocinasgalos.es\/en\/quienes-somos\/\" \/>\n<meta property=\"og:locale\" content=\"en_GB\" \/>\n<meta property=\"og:type\" content=\"article\" \/>\n<meta property=\"og:title\" content=\"Qui\u00e9nes Somos - Cocinas Galos\" \/>\n<meta property=\"og:description\" content=\"Nosotros. Inicio Quienes Somos Desde 1980. La tienda de mobiliario de cocinas con m\u00e1s a\u00f1os de experiencia en Granada La [&hellip;]\" \/>\n<meta property=\"og:url\" content=\"https:\/\/cocinasgalos.es\/en\/quienes-somos\/\" \/>\n<meta property=\"og:site_name\" content=\"Cocinas Galos\" \/>\n<meta property=\"article:modified_time\" content=\"2025-04-04T10:15:58+00:00\" \/>\n<meta name=\"twitter:card\" content=\"summary_large_image\" \/>\n<meta name=\"twitter:label1\" content=\"Estimated reading time\" \/>\n\t<meta name=\"twitter:data1\" content=\"2 minutes\" \/>\n<script type=\"application\/ld+json\" class=\"yoast-schema-graph\">{\"@context\":\"https:\\\/\\\/schema.org\",\"@graph\":[{\"@type\":\"WebPage\",\"@id\":\"https:\\\/\\\/cocinasgalos.es\\\/quienes-somos\\\/\",\"url\":\"https:\\\/\\\/cocinasgalos.es\\\/quienes-somos\\\/\",\"name\":\"Qui\u00e9nes Somos - Cocinas Galos\",\"isPartOf\":{\"@id\":\"https:\\\/\\\/cocinasgalos.es\\\/#website\"},\"datePublished\":\"2025-02-19T10:30:56+00:00\",\"dateModified\":\"2025-04-04T10:15:58+00:00\",\"breadcrumb\":{\"@id\":\"https:\\\/\\\/cocinasgalos.es\\\/quienes-somos\\\/#breadcrumb\"},\"inLanguage\":\"en-GB\",\"potentialAction\":[{\"@type\":\"ReadAction\",\"target\":[\"https:\\\/\\\/cocinasgalos.es\\\/quienes-somos\\\/\"]}]},{\"@type\":\"BreadcrumbList\",\"@id\":\"https:\\\/\\\/cocinasgalos.es\\\/quienes-somos\\\/#breadcrumb\",\"itemListElement\":[{\"@type\":\"ListItem\",\"position\":1,\"name\":\"Portada\",\"item\":\"https:\\\/\\\/cocinasgalos.es\\\/\"},{\"@type\":\"ListItem\",\"position\":2,\"name\":\"Qui\u00e9nes Somos\"}]},{\"@type\":\"WebSite\",\"@id\":\"https:\\\/\\\/cocinasgalos.es\\\/#website\",\"url\":\"https:\\\/\\\/cocinasgalos.es\\\/\",\"name\":\"Cocinas Galos\",\"description\":\"Dise\u00f1o de cocinas en Granada\",\"potentialAction\":[{\"@type\":\"SearchAction\",\"target\":{\"@type\":\"EntryPoint\",\"urlTemplate\":\"https:\\\/\\\/cocinasgalos.es\\\/?s={search_term_string}\"},\"query-input\":{\"@type\":\"PropertyValueSpecification\",\"valueRequired\":true,\"valueName\":\"search_term_string\"}}],\"inLanguage\":\"en-GB\"}]}<\/script>\n<!-- \/ Yoast SEO plugin. -->","yoast_head_json":{"title":"Qui\u00e9nes Somos - Cocinas Galos","robots":{"index":"index","follow":"follow","max-snippet":"max-snippet:-1","max-image-preview":"max-image-preview:large","max-video-preview":"max-video-preview:-1"},"canonical":"https:\/\/cocinasgalos.es\/en\/quienes-somos\/","og_locale":"en_GB","og_type":"article","og_title":"Qui\u00e9nes Somos - Cocinas Galos","og_description":"Nosotros. Inicio Quienes Somos Desde 1980. La tienda de mobiliario de cocinas con m\u00e1s a\u00f1os de experiencia en Granada La [&hellip;]","og_url":"https:\/\/cocinasgalos.es\/en\/quienes-somos\/","og_site_name":"Cocinas Galos","article_modified_time":"2025-04-04T10:15:58+00:00","twitter_card":"summary_large_image","twitter_misc":{"Estimated reading time":"2 minutes"},"schema":{"@context":"https:\/\/schema.org","@graph":[{"@type":"WebPage","@id":"https:\/\/cocinasgalos.es\/quienes-somos\/","url":"https:\/\/cocinasgalos.es\/quienes-somos\/","name":"Qui\u00e9nes Somos - Cocinas Galos","isPartOf":{"@id":"https:\/\/cocinasgalos.es\/#website"},"datePublished":"2025-02-19T10:30:56+00:00","dateModified":"2025-04-04T10:15:58+00:00","breadcrumb":{"@id":"https:\/\/cocinasgalos.es\/quienes-somos\/#breadcrumb"},"inLanguage":"en-GB","potentialAction":[{"@type":"ReadAction","target":["https:\/\/cocinasgalos.es\/quienes-somos\/"]}]},{"@type":"BreadcrumbList","@id":"https:\/\/cocinasgalos.es\/quienes-somos\/#breadcrumb","itemListElement":[{"@type":"ListItem","position":1,"name":"Portada","item":"https:\/\/cocinasgalos.es\/"},{"@type":"ListItem","position":2,"name":"Qui\u00e9nes Somos"}]},{"@type":"WebSite","@id":"https:\/\/cocinasgalos.es\/#website","url":"https:\/\/cocinasgalos.es\/","name":"Cocinas Galos","description":"Dise\u00f1o de cocinas en Granada","potentialAction":[{"@type":"SearchAction","target":{"@type":"EntryPoint","urlTemplate":"https:\/\/cocinasgalos.es\/?s={search_term_string}"},"query-input":{"@type":"PropertyValueSpecification","valueRequired":true,"valueName":"search_term_string"}}],"inLanguage":"en-GB"}]}},"uagb_featured_image_src":{"full":false,"thumbnail":false,"medium":false,"medium_large":false,"large":false,"1536x1536":false,"2048x2048":false,"trp-custom-language-flag":false},"uagb_author_info":{"display_name":"admin","author_link":"https:\/\/cocinasgalos.es\/en\/author\/dlidoy_pd7gtjfu\/"},"uagb_comment_info":0,"uagb_excerpt":"Nosotros. Inicio Quienes Somos Desde 1980. La tienda de mobiliario de cocinas con m\u00e1s a\u00f1os de experiencia en Granada La [&hellip;]","_links":{"self":[{"href":"https:\/\/cocinasgalos.es\/en\/wp-json\/wp\/v2\/pages\/15","targetHints":{"allow":["GET"]}}],"collection":[{"href":"https:\/\/cocinasgalos.es\/en\/wp-json\/wp\/v2\/pages"}],"about":[{"href":"https:\/\/cocinasgalos.es\/en\/wp-json\/wp\/v2\/types\/page"}],"author":[{"embeddable":true,"href":"https:\/\/cocinasgalos.es\/en\/wp-json\/wp\/v2\/users\/1"}],"replies":[{"embeddable":true,"href":"https:\/\/cocinasgalos.es\/en\/wp-json\/wp\/v2\/comments?post=15"}],"version-history":[{"count":3,"href":"https:\/\/cocinasgalos.es\/en\/wp-json\/wp\/v2\/pages\/15\/revisions"}],"predecessor-version":[{"id":696,"href":"https:\/\/cocinasgalos.es\/en\/wp-json\/wp\/v2\/pages\/15\/revisions\/696"}],"wp:attachment":[{"href":"https:\/\/cocinasgalos.es\/en\/wp-json\/wp\/v2\/media?parent=15"}],"curies":[{"name":"wp","href":"https:\/\/api.w.org\/{rel}","templated":true}]}}